{"id":158,"date":"2021-03-01T19:41:03","date_gmt":"2021-03-01T18:41:03","guid":{"rendered":"http:\/\/www.sg-oberiberg.ch\/?page_id=158"},"modified":"2026-03-13T22:07:10","modified_gmt":"2026-03-13T21:07:10","slug":"vorstand","status":"publish","type":"page","link":"https:\/\/www.sg-oberiberg.ch\/?page_id=158","title":{"rendered":"Vorstand"},"content":{"rendered":"\t\t<div data-elementor-type=\"wp-page\" data-elementor-id=\"158\" class=\"elementor elementor-158\">\n\t\t\t\t\t\t<section class=\"elementor-section elementor-top-section elementor-element elementor-element-4eca9235 elementor-section-stretched elementor-section-boxed elementor-section-height-default elementor-section-height-default\" data-id=\"4eca9235\" data-element_type=\"section\" data-e-type=\"section\" data-settings=\"{&quot;stretch_section&quot;:&quot;section-stretched&quot;}\">\n\t\t\t\t\t\t<div class=\"elementor-container elementor-column-gap-default\">\n\t\t\t\t\t<div class=\"elementor-column elementor-col-100 elementor-top-column elementor-element elementor-element-45922a3d\" data-id=\"45922a3d\" data-element_type=\"column\" data-e-type=\"column\">\n\t\t\t<div class=\"elementor-widget-wrap elementor-element-populated\">\n\t\t\t\t\t\t<div class=\"elementor-element elementor-element-26b64c6e elementor-widget elementor-widget-text-editor\" data-id=\"26b64c6e\" data-element_type=\"widget\" data-e-type=\"widget\" data-widget_type=\"text-editor.default\">\n\t\t\t\t<div class=\"elementor-widget-container\">\n\t\t\t\t\t\t\t\t\t<figure class=\"wp-block-table is-style-stripes\">\n<table>\n<tbody>\n<tr>\n<td><strong>Pr\u00e4sident<\/strong><\/td>\n<td>Silvia Bisig<\/td>\n<td>Sagentobelstr. 2<\/td>\n<td>8843 Oberiberg<\/td>\n<td>055 4142027<\/td>\n<\/tr>\n<tr>\n<td><strong>Vizepr\u00e4sident\/Kassier<\/strong><\/td>\n<td>Peter Rickenbacher<\/td>\n<td>Stolzbodenstr. 11<\/td>\n<td>8843 Oberiberg<\/td>\n<td>055 4142343<\/td>\n<\/tr>\n<tr>\n<td><strong>Aktuar<\/strong><\/td>\n<td>Stefan Betschart<\/td>\n<td>Sonnenbergrain 1<\/td>\n<td>6423 Seewen<\/td>\n<td><br><\/td>\n<\/tr>\n<tr>\n<td><strong>1. Sch\u00fctzenmeister<\/strong><\/td>\n<td>Thomas Holdener<\/td>\n<td>Tschalunstr. 5<\/td>\n<td>8843 Oberiberg<\/td>\n<td>055 4142411<\/td>\n<\/tr>\n<tr>\n<td><strong>2. Sch\u00fctzenmeister<\/strong><\/td>\n<td>Roger F\u00f6llmi<\/td>\n<td>Untere Windeggstr. 15<\/td>\n<td>8843 Oberiberg<\/td>\n<td>055 4202990<\/td>\n<\/tr>\n<tr>\n<td><strong>Jungsch\u00fctzenleiter<\/strong><\/td>\n<td>Bruno Betschart<\/td>\n<td>F\u00fcrboden 30<\/td>\n<td>8843 Oberiberg<\/td>\n<td>055 4145678<\/td>\n<\/tr>\n<tr>\n<td><strong>Beisitzer<\/strong><\/td>\n<td>Robert Sturzenegger<\/td>\n<td>F\u00fcrboden 3<\/td>\n<td>8843 Oberiberg<\/td>\n<td>044 7847646<\/td>\n<\/tr>\n<tr>\n<td>&nbsp;<\/td>\n<td>&nbsp;<\/td>\n<td>&nbsp;<\/td>\n<td>&nbsp;<\/td>\n<td>&nbsp;<\/td>\n<\/tr>\n<\/tbody>\n<\/table>421<\/figure>\n<p><!-- \/wp:table --><\/p>\t\t\t\t\t\t\t\t<\/div>\n\t\t\t\t<\/div>\n\t\t\t\t\t<\/div>\n\t\t<\/div>\n\t\t\t\t\t<\/div>\n\t\t<\/section>\n\t\t\t\t<\/div>\n\t\t","protected":false},"excerpt":{"rendered":"<p>Pr\u00e4sident Silvia Bisig Sagentobelstr. 2 8843 Oberiberg 055 4142027 Vizepr\u00e4sident\/Kassier Peter Rickenbacher Stolzbodenstr. 11 8843 Oberiberg 055 4142343 Aktuar Stefan Betschart Sonnenbergrain 1 6423 Seewen 1. Sch\u00fctzenmeister Thomas Holdener Tschalunstr. 5 8843 Oberiberg 055 4142411 2. Sch\u00fctzenmeister Roger F\u00f6llmi Untere Windeggstr. 15 8843 Oberiberg 055 4202990 Jungsch\u00fctzenleiter Bruno Betschart F\u00fcrboden 30 8843 Oberiberg 055 4145678 &hellip; <\/p>\n<p class=\"link-more\"><a href=\"https:\/\/www.sg-oberiberg.ch\/?page_id=158\" class=\"more-link\"><span class=\"screen-reader-text\">\u201eVorstand\u201c <\/span>weiterlesen<\/a><\/p>\n","protected":false},"author":1,"featured_media":0,"parent":0,"menu_order":0,"comment_status":"closed","ping_status":"closed","template":"","meta":{"footnotes":""},"class_list":["post-158","page","type-page","status-publish","hentry"],"_links":{"self":[{"href":"https:\/\/www.sg-oberiberg.ch\/index.php?rest_route=\/wp\/v2\/pages\/158","targetHints":{"allow":["GET"]}}],"collection":[{"href":"https:\/\/www.sg-oberiberg.ch\/index.php?rest_route=\/wp\/v2\/pages"}],"about":[{"href":"https:\/\/www.sg-oberiberg.ch\/index.php?rest_route=\/wp\/v2\/types\/page"}],"author":[{"embeddable":true,"href":"https:\/\/www.sg-oberiberg.ch\/index.php?rest_route=\/wp\/v2\/users\/1"}],"replies":[{"embeddable":true,"href":"https:\/\/www.sg-oberiberg.ch\/index.php?rest_route=%2Fwp%2Fv2%2Fcomments&post=158"}],"version-history":[{"count":24,"href":"https:\/\/www.sg-oberiberg.ch\/index.php?rest_route=\/wp\/v2\/pages\/158\/revisions"}],"predecessor-version":[{"id":722,"href":"https:\/\/www.sg-oberiberg.ch\/index.php?rest_route=\/wp\/v2\/pages\/158\/revisions\/722"}],"wp:attachment":[{"href":"https:\/\/www.sg-oberiberg.ch\/index.php?rest_route=%2Fwp%2Fv2%2Fmedia&parent=158"}],"curies":[{"name":"wp","href":"https:\/\/api.w.org\/{rel}","templated":true}]}}