{"id":35,"date":"2021-02-24T18:15:18","date_gmt":"2021-02-24T18:15:18","guid":{"rendered":"https:\/\/new.sg-oberiberg.ch\/?page_id=35"},"modified":"2024-06-03T12:40:51","modified_gmt":"2024-06-03T11:40:51","slug":"verein","status":"publish","type":"page","link":"https:\/\/www.sg-oberiberg.ch\/","title":{"rendered":"Verein"},"content":{"rendered":"\n<p>Die Sch\u00fctzengesellschaft Oberiberg umfasst aktuell etwa 15 aktive Mitglieder. Pro Jahr besuchen wir ca. 15-20 Schiessen.<br>Ebenfalls f\u00fchrt die SG Oberiberg jedes Jahr das Roggenstockschiessen durch.<br>Bei spannenden Vereinsinternen Wettk\u00e4mpfen kommt die Geselligkeit nicht zu kurz. Nach dem Schiessen noch ein Kaffi in der Sch\u00fctzenstube geh\u00f6rt auch dazu.<\/p>\n\n\n\n<p>Gerne m\u00f6chten wir Dich in unserer Mitte begr\u00fcssen. Schau doch in den Kalender, dort kannst Du entnehmen, wann Trainings und Wettk\u00e4mpfe stattfinden.<br>Falls Du Dich von unserem Verein angesprochen f\u00fchlst, melde Dich doch einmal bei einem Vorstandsmitglied.&nbsp;Neumitglieder sind bei uns immer herzlich willkommen!<br>Wir w\u00fcnschen viel Spass auf unserer Homepage!<\/p>\n","protected":false},"excerpt":{"rendered":"<p>Die Sch\u00fctzengesellschaft Oberiberg umfasst aktuell etwa 15 aktive Mitglieder. Pro Jahr besuchen wir ca. 15-20 Schiessen.Ebenfalls f\u00fchrt die SG Oberiberg jedes Jahr das Roggenstockschiessen durch.Bei spannenden Vereinsinternen Wettk\u00e4mpfen kommt die Geselligkeit nicht zu kurz. Nach dem Schiessen noch ein Kaffi in der Sch\u00fctzenstube geh\u00f6rt auch dazu. Gerne m\u00f6chten wir Dich in unserer Mitte begr\u00fcssen. Schau &hellip; <\/p>\n<p class=\"link-more\"><a href=\"https:\/\/www.sg-oberiberg.ch\/\" class=\"more-link\"><span class=\"screen-reader-text\">\u201eVerein\u201c <\/span>weiterlesen<\/a><\/p>\n","protected":false},"author":1,"featured_media":0,"parent":0,"menu_order":0,"comment_status":"closed","ping_status":"closed","template":"","meta":{"footnotes":""},"class_list":["post-35","page","type-page","status-publish","hentry"],"_links":{"self":[{"href":"https:\/\/www.sg-oberiberg.ch\/index.php?rest_route=\/wp\/v2\/pages\/35","targetHints":{"allow":["GET"]}}],"collection":[{"href":"https:\/\/www.sg-oberiberg.ch\/index.php?rest_route=\/wp\/v2\/pages"}],"about":[{"href":"https:\/\/www.sg-oberiberg.ch\/index.php?rest_route=\/wp\/v2\/types\/page"}],"author":[{"embeddable":true,"href":"https:\/\/www.sg-oberiberg.ch\/index.php?rest_route=\/wp\/v2\/users\/1"}],"replies":[{"embeddable":true,"href":"https:\/\/www.sg-oberiberg.ch\/index.php?rest_route=%2Fwp%2Fv2%2Fcomments&post=35"}],"version-history":[{"count":7,"href":"https:\/\/www.sg-oberiberg.ch\/index.php?rest_route=\/wp\/v2\/pages\/35\/revisions"}],"predecessor-version":[{"id":635,"href":"https:\/\/www.sg-oberiberg.ch\/index.php?rest_route=\/wp\/v2\/pages\/35\/revisions\/635"}],"wp:attachment":[{"href":"https:\/\/www.sg-oberiberg.ch\/index.php?rest_route=%2Fwp%2Fv2%2Fmedia&parent=35"}],"curies":[{"name":"wp","href":"https:\/\/api.w.org\/{rel}","templated":true}]}}