{"id":38,"date":"2021-02-24T18:21:14","date_gmt":"2021-02-24T18:21:14","guid":{"rendered":"https:\/\/new.sg-oberiberg.ch\/?page_id=38"},"modified":"2026-01-29T20:27:03","modified_gmt":"2026-01-29T19:27:03","slug":"roggenstockschiessen","status":"publish","type":"page","link":"https:\/\/www.sg-oberiberg.ch\/?page_id=38","title":{"rendered":"Roggenstockschiessen"},"content":{"rendered":"\n<p>Gesch\u00e4tzte Sch\u00fctzenkameradinnen und Sch\u00fctzenkameraden<\/p>\n\n\n\n<p>Wir freuen uns, das Roggenstockschiessen am 21.\/22.\/29. August und 30. August 2026 bereits zum 41. Mal durchf\u00fchren zu k\u00f6nnen. Zu diesem sportlichen Wettkampf laden wir Sie recht herzlich ein.<\/p>\n\n\n\n<p>Eine Fahrt ins Ybrig lohnt sich umso mehr, da Sie an den gleichen Tagen auch noch das Hirschflueschiessen unserer Nachbarsch\u00fctzen besuchen k\u00f6nnen.F\u00fcr die Teilnahme am Roggenstockschiessen danken wir Ihnen jetzt schon recht herzlich und w\u00fcnschen &#8222;Gut Schuss&#8220;.<\/p>\n\n\n\n<p><\/p>\n\n\n\n<p><strong>Die Ranglisten des 40. Roggenstockschiessen sind unter Rangliste verf\u00fcgbar.<\/strong><\/p>\n","protected":false},"excerpt":{"rendered":"<p>Gesch\u00e4tzte Sch\u00fctzenkameradinnen und Sch\u00fctzenkameraden Wir freuen uns, das Roggenstockschiessen am 21.\/22.\/29. August und 30. August 2026 bereits zum 41. Mal durchf\u00fchren zu k\u00f6nnen. Zu diesem sportlichen Wettkampf laden wir Sie recht herzlich ein. Eine Fahrt ins Ybrig lohnt sich umso mehr, da Sie an den gleichen Tagen auch noch das Hirschflueschiessen unserer Nachbarsch\u00fctzen besuchen k\u00f6nnen.F\u00fcr &hellip; <\/p>\n<p class=\"link-more\"><a href=\"https:\/\/www.sg-oberiberg.ch\/?page_id=38\" class=\"more-link\"><span class=\"screen-reader-text\">\u201eRoggenstockschiessen\u201c <\/span>weiterlesen<\/a><\/p>\n","protected":false},"author":1,"featured_media":0,"parent":0,"menu_order":0,"comment_status":"closed","ping_status":"closed","template":"","meta":{"footnotes":""},"class_list":["post-38","page","type-page","status-publish","hentry"],"_links":{"self":[{"href":"https:\/\/www.sg-oberiberg.ch\/index.php?rest_route=\/wp\/v2\/pages\/38","targetHints":{"allow":["GET"]}}],"collection":[{"href":"https:\/\/www.sg-oberiberg.ch\/index.php?rest_route=\/wp\/v2\/pages"}],"about":[{"href":"https:\/\/www.sg-oberiberg.ch\/index.php?rest_route=\/wp\/v2\/types\/page"}],"author":[{"embeddable":true,"href":"https:\/\/www.sg-oberiberg.ch\/index.php?rest_route=\/wp\/v2\/users\/1"}],"replies":[{"embeddable":true,"href":"https:\/\/www.sg-oberiberg.ch\/index.php?rest_route=%2Fwp%2Fv2%2Fcomments&post=38"}],"version-history":[{"count":19,"href":"https:\/\/www.sg-oberiberg.ch\/index.php?rest_route=\/wp\/v2\/pages\/38\/revisions"}],"predecessor-version":[{"id":713,"href":"https:\/\/www.sg-oberiberg.ch\/index.php?rest_route=\/wp\/v2\/pages\/38\/revisions\/713"}],"wp:attachment":[{"href":"https:\/\/www.sg-oberiberg.ch\/index.php?rest_route=%2Fwp%2Fv2%2Fmedia&parent=38"}],"curies":[{"name":"wp","href":"https:\/\/api.w.org\/{rel}","templated":true}]}}